{"id":151,"date":"2017-06-15T09:16:58","date_gmt":"2017-06-15T07:16:58","guid":{"rendered":"http:\/\/www.marjanviljelijat.fi\/?page_id=151"},"modified":"2023-07-17T13:07:30","modified_gmt":"2023-07-17T11:07:30","slug":"ssmy-2","status":"publish","type":"page","link":"https:\/\/www.marjanviljelijat.fi\/?page_id=151","title":{"rendered":"SSMY"},"content":{"rendered":"<p><span style=\"font-size: 12.0pt; color: black;\">Suonenjoen seudun marjanviljelij\u00e4t perustivat yhdistyksen vuonna 1966 tukemaan viljelij\u00f6it\u00e4 marjojen markkinoinnissa, edunvalvonnassa sek\u00e4 tarjoamaan viljelyneuvontaa. Yhdistys toimii edelleen voittoa tavoittelemattomasti marjanviljelij\u00f6iden eduksi. Yhdistyksen toimisto sijaitsee Suonenjoella Yrityspuisto Futurian tiloissa. <\/span><\/p>\n<p>Suonenjoen seudun marjanviljelij\u00e4in yhdistyksen palvelut j\u00e4senille:<\/p>\n<ul>\n<li>Auttaa viljelij\u00f6it\u00e4 mm. viljelyyn ja ty\u00f6ntekij\u00f6iden palkkaukseen liittyviss\u00e4 asioissa<\/li>\n<li>Yhteishankinnat (lannoitteet, kasvinsuojeluaineet, viljely- ja pakkaustarvikkeet, taimet)<\/li>\n<li>Tarvikemyynti\u00e4<\/li>\n<li>J\u00e4senkirjeet, joissa tiedotetaan mm. yhdistyksen toiminnasta, viljelyyn liittyvist\u00e4 ajankohtaisista hoitotoimenpiteist\u00e4, ty\u00f6voimaan liittyvist\u00e4 asioista, alan tapahtumista,<\/li>\n<\/ul>\n<p>SSMY toimii yhteisty\u00f6ss\u00e4 Maaseudun ty\u00f6nantajaliiton, tutkimuslaitosten ja neuvontaj\u00e4rjest\u00f6jen sek\u00e4 viranomaisten esim. verottaja, aluehallintovirasto, TE-toimisto kanssa.<\/p>\n<h4>Yhdistyksen toimijoita<\/h4>\n<p><strong>Toiminnanjohtaja<\/strong><br \/>\nRaisa Haavikko<br \/>\n040 164 6670<a href=\"mailto:raija.kumpula@savogrow.fi\"><br \/>\n<\/a><\/p>\n<p><span style=\"font-size: 12pt;\"><strong><span style=\"color: black;\">Hallitus<\/span><\/strong><\/span><\/p>\n<p><span style=\"font-size: 12.0pt; color: black;\">Kati-Maria Sn\u00e4kin pj.<br \/>\nPauliina Kovanen 1. varapj.<br \/>\nAlexandra Bogolyubova 2. varapj.<br \/>\nAtte Karhunen<br \/>\n<\/span><span style=\"font-size: 12.0pt; color: black;\">Veli-Jussi Jaraske<br \/>\nTerhi Janatuinen<br \/>\nPetri Koponen<br \/>\nJyrki Laukkanen<br \/>\nLeena Kalilainen<br \/>\nJuha Talja<br \/>\nJarmo R\u00f6pp\u00e4nen\u200b<br \/>\nHannu Saviranta<br \/>\n<\/span><\/p>\n<p><strong>Hallituksen varaj\u00e4senet<\/strong><\/p>\n<p>Raija Kumpula<br \/>\nSaara Markkanen<br \/>\nHarri Husso<\/p>\n<h5><strong>Hallituksen nime\u00e4m\u00e4t valiokunnat<\/strong><\/h5>\n<p><strong>Ty\u00f6valiokunta<br \/>\n<\/strong><\/p>\n<p>Kati-Maria Sn\u00e4kin pj<br \/>\nPauliina Kovanen<br \/>\nAlexandra Bogolyubova<br \/>\nRaisa Haavikko<\/p>\n<p><strong>Ohjelma- ja j\u00e4rjestelytoimikunta<br \/>\n<\/strong><\/p>\n<p>Leena Kalilainen pj<br \/>\nSaara Markkanen<br \/>\nAtte Karhunen<br \/>\nAlexandra Bogolyubova<br \/>\nVeli-Jussi Jaraske<br \/>\nPetri Koponen<br \/>\nJuha Talja<br \/>\nRaisa Haavikko<\/p>\n<p><strong>Tiedotusvaliokunta<br \/>\n<\/strong><\/p>\n<p>Kati-Maria Sn\u00e4kin pj<br \/>\nVeijo Karkkonen<br \/>\nArja Kastarinen<br \/>\nNoora R\u00e4s\u00e4nen<br \/>\nSaara Markkanen<br \/>\nPauliina Kovanen<br \/>\nIlkka Pursiainen<br \/>\nAlexandra Bogolyubova<br \/>\nTerhi Janatuinen<br \/>\nRaisa Haavikko<\/p>\n<p><strong>Viljelyn kehitt\u00e4misryhm\u00e4<br \/>\n<\/strong><\/p>\n<p>Raija Kumpula pj<br \/>\nKati-Maria Sn\u00e4kin<br \/>\nMarko Ryytt\u00e4ri<br \/>\nJyrki Laukkanen<br \/>\nVeli-Jussi Jaraske<br \/>\nPauliina Kovanen<br \/>\nJarmo R\u00f6pp\u00e4nen<br \/>\nHannu Saviranta<br \/>\nAlexandra Bogolyubova<br \/>\nSaara Markkanen<br \/>\nJuha Nenonen<br \/>\nRaisa Haavikko<\/p>\n","protected":false},"excerpt":{"rendered":"<p>Suonenjoen seudun marjanviljelij\u00e4t perustivat yhdistyksen vuonna 1966 tukemaan viljelij\u00f6it\u00e4 marjojen markkinoinnissa, edunvalvonnassa sek\u00e4 tarjoamaan viljelyneuvontaa. Yhdistys toimii edelleen voittoa tavoittelemattomasti marjanviljelij\u00f6iden eduksi. Yhdistyksen toimisto sijaitsee Suonenjoella Yrityspuisto Futurian tiloissa. Suonenjoen seudun marjanviljelij\u00e4in yhdistyksen palvelut j\u00e4senille: Auttaa viljelij\u00f6it\u00e4 mm. viljelyyn ja ty\u00f6ntekij\u00f6iden palkkaukseen liittyviss\u00e4 asioissa Yhteishankinnat (lannoitteet, kasvinsuojeluaineet, viljely- ja pakkaustarvikkeet, taimet) Tarvikemyynti\u00e4 J\u00e4senkirjeet, joissa tiedotetaan &hellip; <a href=\"https:\/\/www.marjanviljelijat.fi\/?page_id=151\" class=\"more-link\">Jatka artikkeliin <span class=\"screen-reader-text\">SSMY<\/span><\/a><\/p>\n","protected":false},"author":1,"featured_media":0,"parent":0,"menu_order":0,"comment_status":"closed","ping_status":"closed","template":"","meta":{"footnotes":""},"class_list":["post-151","page","type-page","status-publish","hentry"],"_links":{"self":[{"href":"https:\/\/www.marjanviljelijat.fi\/index.php?rest_route=\/wp\/v2\/pages\/151","targetHints":{"allow":["GET"]}}],"collection":[{"href":"https:\/\/www.marjanviljelijat.fi\/index.php?rest_route=\/wp\/v2\/pages"}],"about":[{"href":"https:\/\/www.marjanviljelijat.fi\/index.php?rest_route=\/wp\/v2\/types\/page"}],"author":[{"embeddable":true,"href":"https:\/\/www.marjanviljelijat.fi\/index.php?rest_route=\/wp\/v2\/users\/1"}],"replies":[{"embeddable":true,"href":"https:\/\/www.marjanviljelijat.fi\/index.php?rest_route=%2Fwp%2Fv2%2Fcomments&post=151"}],"version-history":[{"count":11,"href":"https:\/\/www.marjanviljelijat.fi\/index.php?rest_route=\/wp\/v2\/pages\/151\/revisions"}],"predecessor-version":[{"id":2808,"href":"https:\/\/www.marjanviljelijat.fi\/index.php?rest_route=\/wp\/v2\/pages\/151\/revisions\/2808"}],"wp:attachment":[{"href":"https:\/\/www.marjanviljelijat.fi\/index.php?rest_route=%2Fwp%2Fv2%2Fmedia&parent=151"}],"curies":[{"name":"wp","href":"https:\/\/api.w.org\/{rel}","templated":true}]}}