{"id":408,"date":"2018-02-07T15:26:16","date_gmt":"2018-02-07T13:26:16","guid":{"rendered":"http:\/\/www.marjanviljelijat.fi\/?page_id=408"},"modified":"2025-04-07T06:26:24","modified_gmt":"2025-04-07T04:26:24","slug":"kausityoluvat","status":"publish","type":"page","link":"https:\/\/www.marjanviljelijat.fi\/?page_id=408","title":{"rendered":"Kausity\u00f6luvat"},"content":{"rendered":"<div class=\"members-access-error\">T\u00e4m\u00e4n sivun sis\u00e4lt\u00f6 on saatavilla vain yhdistyksen j\u00e4senille.<\/p>\n<p>K\u00e4ytt\u00e4j\u00e4tunnus on muotoa Etunimi Sukunimi<br \/>\nJos olet unohtanut salasanasi voit tilata uuden salasanan s\u00e4hk\u00f6postiisi.<\/p><\/div>\n","protected":false},"excerpt":{"rendered":"<div class=\"members-access-error\">T\u00e4m\u00e4n sivun sis\u00e4lt\u00f6 on saatavilla vain yhdistyksen j\u00e4senille.<\/p>\n<p>K\u00e4ytt\u00e4j\u00e4tunnus on muotoa Etunimi Sukunimi<br \/>\nJos olet unohtanut salasanasi voit tilata uuden salasanan s\u00e4hk\u00f6postiisi.<\/p><\/div>\n","protected":false},"author":1,"featured_media":0,"parent":134,"menu_order":0,"comment_status":"closed","ping_status":"closed","template":"","meta":{"footnotes":""},"class_list":["post-408","page","type-page","status-publish","hentry"],"_links":{"self":[{"href":"https:\/\/www.marjanviljelijat.fi\/index.php?rest_route=\/wp\/v2\/pages\/408","targetHints":{"allow":["GET"]}}],"collection":[{"href":"https:\/\/www.marjanviljelijat.fi\/index.php?rest_route=\/wp\/v2\/pages"}],"about":[{"href":"https:\/\/www.marjanviljelijat.fi\/index.php?rest_route=\/wp\/v2\/types\/page"}],"author":[{"embeddable":true,"href":"https:\/\/www.marjanviljelijat.fi\/index.php?rest_route=\/wp\/v2\/users\/1"}],"replies":[{"embeddable":true,"href":"https:\/\/www.marjanviljelijat.fi\/index.php?rest_route=%2Fwp%2Fv2%2Fcomments&post=408"}],"version-history":[{"count":38,"href":"https:\/\/www.marjanviljelijat.fi\/index.php?rest_route=\/wp\/v2\/pages\/408\/revisions"}],"predecessor-version":[{"id":2864,"href":"https:\/\/www.marjanviljelijat.fi\/index.php?rest_route=\/wp\/v2\/pages\/408\/revisions\/2864"}],"up":[{"embeddable":true,"href":"https:\/\/www.marjanviljelijat.fi\/index.php?rest_route=\/wp\/v2\/pages\/134"}],"wp:attachment":[{"href":"https:\/\/www.marjanviljelijat.fi\/index.php?rest_route=%2Fwp%2Fv2%2Fmedia&parent=408"}],"curies":[{"name":"wp","href":"https:\/\/api.w.org\/{rel}","templated":true}]}}