{"id":456,"date":"2018-05-22T15:01:16","date_gmt":"2018-05-22T13:01:16","guid":{"rendered":"http:\/\/www.marjanviljelijat.fi\/?page_id=456"},"modified":"2018-05-22T15:37:57","modified_gmt":"2018-05-22T13:37:57","slug":"rekisteriseloste-sahkoiset-palvelut","status":"publish","type":"page","link":"https:\/\/www.marjanviljelijat.fi\/?page_id=456","title":{"rendered":"Tietosuoja- ja rekisteriseloste"},"content":{"rendered":"<p>Suomen ja Euroopan unionin tietosuojalait uudistuivat. EU:n yleist\u00e4 tietosuoja-asetusta sovelletaan 25.5.2018 alkaen kaikissa EU:n j\u00e4senmaissa. Tietosuoja-asetusta (General Data Protection Regulation, GDPR) sovelletaan l\u00e4ht\u00f6kohtaisesti kaikkeen henkil\u00f6tietojen k\u00e4sittelyyn ja sen tavoitteena on parantaa rekister\u00f6idyn asemaa.<\/p>\n<p>Suonenjoen seudun marjanviljelij\u00e4in yhdistyksen j\u00e4senen\u00e4 ovat yritykset ja rekister\u00f6ityin\u00e4 yritt\u00e4j\u00e4t tai ty\u00f6ntekij\u00e4. Yhdistys k\u00e4sittelee rekister\u00f6ityj\u00e4 tietoja osana palvelutoimintaa ja toimii j\u00e4senrekisterin yll\u00e4pit\u00e4j\u00e4n\u00e4. Tietojen k\u00e4ytt\u00f6 perustuu yrityksen ilmoittamiin tietoihin.<\/p>\n<p>Tarkemmat tiedot l\u00f6ytyv\u00e4t <a href=\"https:\/\/www.marjanviljelijat.fi\/wp-content\/uploads\/2018\/05\/ssmy-tietosuojaseloste.pdf\">tietosuojaselosteesta<\/a>.<\/p>\n<p>Mik\u00e4li haluat jatkossa saada j\u00e4senviestin s\u00e4hk\u00f6postiin, <a href=\"http:\/\/eepurl.com\/dvBeB1\">p\u00e4ivit\u00e4 yhteystietosi t\u00e4st\u00e4<\/a>.<\/p>\n<p>&nbsp;<\/p>\n<p><strong>Henkil\u00f6tietolain (523\/1999) 10 \u00a7:n mukainen rekisteriseloste<\/strong><\/p>\n<p><strong>Rekisterinpit\u00e4j\u00e4<\/strong><\/p>\n<p>Suonenjoen seudun marjanviljelij\u00e4in yhdistys ry<\/p>\n<p><strong>Rekisterin nimi<\/strong><\/p>\n<p>Suonenjoen seudun marjanviljelij\u00e4in yhdistys ry:n s\u00e4hk\u00f6iset j\u00e4senpalvelut<\/p>\n<p>&nbsp;<\/p>\n<p><strong>Rekisteriasioista vastaava henkil\u00f6 ja\/tai yhteyshenkil\u00f6<\/strong><\/p>\n<p>Leena Koponen, Suonenjoen seudun marjanviljelij\u00e4in yhdistys ry, Jalkalantie 6, 77600 Suonenjoki, leena.koponen(at)marjanviljelijat.fi<\/p>\n<p>&nbsp;<\/p>\n<p><strong>Rekisterin k\u00e4ytt\u00f6tarkoitus<\/strong><\/p>\n<p>Henkil\u00f6tietoja k\u00e4sitell\u00e4\u00e4n voimassa olevan lains\u00e4\u00e4d\u00e4nn\u00f6n sallimissa rajoissa j\u00e4sentiedotukseen, suoramarkkinointiin sek\u00e4 yhteishankintojen j\u00e4rjest\u00e4miseen.<\/p>\n<p>&nbsp;<\/p>\n<p><strong>Rekisterin pit\u00e4misen peruste<\/strong><\/p>\n<div>Rekister\u00f6idyt ovat j\u00e4sensuhteessa Suonenjoen seudun marjanviljelij\u00e4in yhdistys ry:n kanssa.<\/div>\n<p>&nbsp;<\/p>\n<p><strong>Rekisterin sis\u00e4lt\u00e4m\u00e4t tiedot<\/strong><\/p>\n<p>S\u00e4hk\u00f6isis\u00e4\u00e4 palvelussa (j\u00e4senkirje ja j\u00e4sensivut) voidaan k\u00e4sitell\u00e4 seuraaviin ryhmiin kuuluvia tietoja:<\/p>\n<p>&#8211; asiakkaan etu- ja sukunimi<\/p>\n<p>&#8211; s\u00e4hk\u00f6postiosoite<\/p>\n<p>&nbsp;<\/p>\n<p><strong>S\u00e4\u00e4nn\u00f6nmukaiset tietol\u00e4hteet<\/strong><\/p>\n<p>Henkil\u00f6tietoja ker\u00e4t\u00e4\u00e4n rekister\u00f6idylt\u00e4 itselt\u00e4\u00e4n.<\/p>\n<p>&nbsp;<\/p>\n<p><strong>Tietojen luovutus<\/strong><\/p>\n<p>Henkil\u00f6tietoja ei luovuteta kolmansille osapuolille, eik\u00e4 siirret\u00e4 Euroopan unionin tai Euroopan talousalueen ulkopuolelle, ellei se ole palvelun teknisen toteuttamisen vuoksi tarpeellista.<\/p>\n<p>&nbsp;<\/p>\n<p><strong>Rekisterin suojaus<\/strong><\/p>\n<p>Tiedot ker\u00e4t\u00e4\u00e4n tietokantoihin, jotka ovat palomuurein, salasanoin ja muin teknisin keinoin suojattuja. Tietokannat ja niiden varmuuskopiot sijaitsevat lukituissa ja vartioiduissa tiloissa ja tietoihin p\u00e4\u00e4sev\u00e4t k\u00e4siksi vain tietyt, ennalta nimetyt henkil\u00f6t.<\/p>\n<p>&nbsp;<\/p>\n<p><strong>Tarkastus- ja kielto-oikeus<\/strong><\/p>\n<p>Rekister\u00f6idyll\u00e4 on henkil\u00f6tietolain 26 \u00a7:n mukainen oikeus tietojensa tarkistamiseen. Tarkastuspyynt\u00f6 tulee l\u00e4hett\u00e4\u00e4 kirjallisesti ja allekirjoitettuna osoitteella: Suonenjoen seudun marjanviljelij\u00e4in yhdistys ry, Jalkalantie 6, 77600 Suonenjoki tai s\u00e4hk\u00f6postilla rekisterin yll\u00e4pidosta vastaavalle henkil\u00f6lle. Rekister\u00f6idyll\u00e4 on oikeus kielt\u00e4\u00e4 tietojen k\u00e4ytt\u00e4minen tiedottamiseen ja suoramarkkinointiin ilmoittamalla siit\u00e4 kirjeitse tai s\u00e4hk\u00f6postitse yll\u00e4 mainittuihin osoitteisiin. Tiedottamisen ja suoramarkkinoinnin kielt\u00e4minen edellytt\u00e4\u00e4 rekister\u00f6innin poistamista.<\/p>\n<p>&nbsp;<\/p>\n<p><strong>Tekniset h\u00e4iri\u00f6t<\/strong><\/p>\n<p>Suonenjoen seudun marjanviljelij\u00e4in yhdistys ei vastaa mahdollisista teknisist\u00e4 h\u00e4iri\u00f6ist\u00e4.<\/p>\n<p style=\"margin: 0cm; margin-bottom: .0001pt; font-variant-ligatures: normal; font-variant-caps: normal; orphans: 2; text-align: start; widows: 2; -webkit-text-stroke-width: 0px; text-decoration-style: initial; text-decoration-color: initial; word-spacing: 0px;\">\n","protected":false},"excerpt":{"rendered":"<p>Suomen ja Euroopan unionin tietosuojalait uudistuivat. EU:n yleist\u00e4 tietosuoja-asetusta sovelletaan 25.5.2018 alkaen kaikissa EU:n j\u00e4senmaissa. Tietosuoja-asetusta (General Data Protection Regulation, GDPR) sovelletaan l\u00e4ht\u00f6kohtaisesti kaikkeen henkil\u00f6tietojen k\u00e4sittelyyn ja sen tavoitteena on parantaa rekister\u00f6idyn asemaa. Suonenjoen seudun marjanviljelij\u00e4in yhdistyksen j\u00e4senen\u00e4 ovat yritykset ja rekister\u00f6ityin\u00e4 yritt\u00e4j\u00e4t tai ty\u00f6ntekij\u00e4. Yhdistys k\u00e4sittelee rekister\u00f6ityj\u00e4 tietoja osana palvelutoimintaa ja toimii j\u00e4senrekisterin yll\u00e4pit\u00e4j\u00e4n\u00e4. &hellip; <a href=\"https:\/\/www.marjanviljelijat.fi\/?page_id=456\" class=\"more-link\">Jatka artikkeliin <span class=\"screen-reader-text\">Tietosuoja- ja rekisteriseloste<\/span><\/a><\/p>\n","protected":false},"author":1,"featured_media":0,"parent":0,"menu_order":0,"comment_status":"closed","ping_status":"closed","template":"","meta":{"footnotes":""},"class_list":["post-456","page","type-page","status-publish","hentry"],"_links":{"self":[{"href":"https:\/\/www.marjanviljelijat.fi\/index.php?rest_route=\/wp\/v2\/pages\/456","targetHints":{"allow":["GET"]}}],"collection":[{"href":"https:\/\/www.marjanviljelijat.fi\/index.php?rest_route=\/wp\/v2\/pages"}],"about":[{"href":"https:\/\/www.marjanviljelijat.fi\/index.php?rest_route=\/wp\/v2\/types\/page"}],"author":[{"embeddable":true,"href":"https:\/\/www.marjanviljelijat.fi\/index.php?rest_route=\/wp\/v2\/users\/1"}],"replies":[{"embeddable":true,"href":"https:\/\/www.marjanviljelijat.fi\/index.php?rest_route=%2Fwp%2Fv2%2Fcomments&post=456"}],"version-history":[{"count":10,"href":"https:\/\/www.marjanviljelijat.fi\/index.php?rest_route=\/wp\/v2\/pages\/456\/revisions"}],"predecessor-version":[{"id":484,"href":"https:\/\/www.marjanviljelijat.fi\/index.php?rest_route=\/wp\/v2\/pages\/456\/revisions\/484"}],"wp:attachment":[{"href":"https:\/\/www.marjanviljelijat.fi\/index.php?rest_route=%2Fwp%2Fv2%2Fmedia&parent=456"}],"curies":[{"name":"wp","href":"https:\/\/api.w.org\/{rel}","templated":true}]}}